{"id":283,"date":"2023-10-18T15:16:13","date_gmt":"2023-10-18T13:16:13","guid":{"rendered":"http:\/\/kornatica.vdevs.eu\/kako-rezervirati\/"},"modified":"2023-12-12T11:11:08","modified_gmt":"2023-12-12T10:11:08","slug":"wie-rezervieren","status":"publish","type":"page","link":"https:\/\/kornatica.com\/de\/wie-rezervieren\/","title":{"rendered":"Wie rezervieren?"},"content":{"rendered":"<p><strong>1. Durchsuchen Sie die Kategorie, f\u00fcr die Sie interessiert sind <\/strong><\/p>\n<p><strong>2. Senden Sie eine Anfrage \u00fcber die Verf\u00fcgbarkeit von Einheiten: <\/strong><br \/>\nIhre Anfrage k\u00f6nnen Sie direkt von der jeweiligen Seite der entsprechenden Wohneinheit, oder uber unseren Kontaktfragebogensenden.<\/p>\n<p><strong>3. Buchen Sie ihre freie Einheit: <\/strong><br \/>\nNachdem wir Ihnen mitteilen, dass die gew\u00fcnschte Einheit frei ist, k\u00f6nnen Sie mit dem Buchungsprozess beginnen, auf die Weise, dass Sie die Buchung der bestimmten Einheit best\u00e4tigen, so dass wir die Buchung f\u00fcr Sie speichern k\u00f6nnen.<\/p>\n<p><strong>4. Feste (fixe) Buchung mit Vorschu\u03b2: <\/strong><br \/>\nNachdem Sie die Buchung der bestimmten Einheit best\u00e4tigen haben, senden wir Ihnen einen Voranschlag zur Zahlung des Vorschu\u03b2es. Der Vorschu\u03b2 betr\u00e4gt 30% des Preises des gesamten Aufenthaltes (der Rest in Bargeld oder per Kreditkarte bei der Ankunft auf der Rezeption des B\u00fcros).<br \/>\nZahlungsfrist des Vorschu\u03b2es ist 1 Arbeitstag von dem erhielten Voranschlag. Nach der Zahlung des Vorschu\u03b2es ist notwendig, die Bescheinigung \u00fcber die Zahlung des Vorschu\u03b2es dem B\u00fcro per E-Mail oder Fax zu senden. Nach der Zahlung des Vorschu\u03b2es ist die Einheit f\u00fcr Sie fix (fest) reserviert und wir senden Ihnen die Bescheinigung per E-Mail.<\/p>\n<p><strong>5. Ankunft (nur f\u00fcr die G\u00e4ste unserer Wohneinheiten):<\/strong><br \/>\nCheck in: ab 14.00 Uhr, Check-out: bis 10.00 Uhr<br \/>\nDie Anmeldung der G\u00e4ste bei der Ankunft wird an der Rezeption des B\u00fcros Kornatica in Murter erledigt.<\/p>\n","protected":false},"excerpt":{"rendered":"<p>1. Durchsuchen Sie die Kategorie, f\u00fcr die Sie interessiert sind 2. Senden Sie eine Anfrage \u00fcber die Verf\u00fcgbarkeit von Einheiten: Ihre Anfrage k\u00f6nnen Sie direkt von der jeweiligen Seite der entsprechenden Wohneinheit, oder uber unseren Kontaktfragebogensenden. 3. Buchen Sie ihre freie Einheit: Nachdem wir Ihnen mitteilen, dass die gew\u00fcnschte Einheit frei ist, k\u00f6nnen Sie mit [&hellip;]<\/p>\n","protected":false},"author":1,"featured_media":59,"parent":0,"menu_order":0,"comment_status":"closed","ping_status":"closed","template":"template-standardna.php","meta":{"footnotes":""},"class_list":["post-283","page","type-page","status-publish","has-post-thumbnail","hentry"],"acf":[],"_links":{"self":[{"href":"https:\/\/kornatica.com\/de\/wp-json\/wp\/v2\/pages\/283","targetHints":{"allow":["GET"]}}],"collection":[{"href":"https:\/\/kornatica.com\/de\/wp-json\/wp\/v2\/pages"}],"about":[{"href":"https:\/\/kornatica.com\/de\/wp-json\/wp\/v2\/types\/page"}],"author":[{"embeddable":true,"href":"https:\/\/kornatica.com\/de\/wp-json\/wp\/v2\/users\/1"}],"replies":[{"embeddable":true,"href":"https:\/\/kornatica.com\/de\/wp-json\/wp\/v2\/comments?post=283"}],"version-history":[{"count":2,"href":"https:\/\/kornatica.com\/de\/wp-json\/wp\/v2\/pages\/283\/revisions"}],"predecessor-version":[{"id":21950,"href":"https:\/\/kornatica.com\/de\/wp-json\/wp\/v2\/pages\/283\/revisions\/21950"}],"wp:featuredmedia":[{"embeddable":true,"href":"https:\/\/kornatica.com\/de\/wp-json\/wp\/v2\/media\/59"}],"wp:attachment":[{"href":"https:\/\/kornatica.com\/de\/wp-json\/wp\/v2\/media?parent=283"}],"curies":[{"name":"wp","href":"https:\/\/api.w.org\/{rel}","templated":true}]}}