{"id":304,"date":"2023-10-18T15:32:08","date_gmt":"2023-10-18T13:32:08","guid":{"rendered":"http:\/\/kornatica.vdevs.eu\/nacini-placanja-akontacije\/"},"modified":"2023-12-12T11:13:54","modified_gmt":"2023-12-12T10:13:54","slug":"die-zahlungsart-der-acontation","status":"publish","type":"page","link":"https:\/\/kornatica.com\/de\/die-zahlungsart-der-acontation\/","title":{"rendered":"Die Zahlungsart der Acontation"},"content":{"rendered":"<p><strong>1. Zahlung per \u00dcberweisung auf das Konto des B\u00fcros (Zahlung au\u00dferhalb der Republik Kroatien):<\/strong><\/p>\n<p>Einzahler: Name und Vorname der Person, die reserviert hat und die Wohnadresse<\/p>\n<p>Betrag: Betrag des Vorschu\u03b2es, der durch das Ergebnis der Berechnung bezahlt werden muss<\/p>\n<p>Einzahlungszweck: die Buchung eines bestimmten Unterkunftsobjektes, Schiff, Ausflug&#8230;<\/p>\n<p>Empf\u00e4nger: MAGDALENA TOURS d.o.o., Turisti\u010dka agencija Kornatica, Put Slanice 7, 22243 Murter<\/p>\n<p>Iban-code: HR1323600001102478177<\/p>\n<p>Swift-code: ZABAHR2X<\/p>\n<p>Name der Bank: Zagreba\u010dka banka d.d., Paromlinska 2, Zagreb<\/p>\n<p>&nbsp;<\/p>\n<p><strong>2. Die Zahlung an das Bankkonto des B\u00fcros (Zahlung innerhalb der Republik Kroatien):<\/strong><\/p>\n<p>Einzahler: Name und Vorname der Person, die reserviert hat und die Wohnadresse<\/p>\n<p>Betrag: Betrag des Vorschu\u03b2es, der durch das Ergebnis der Berechnung bezahlt werden muss<\/p>\n<p>Einzahlungszweck: die Buchung eines bestimmten Unterkunftsobjektes, Schiff, Ausflug&#8230;<\/p>\n<p>Empf\u00e4nger: MAGDALENA TOURS d.o.o., Turisti\u010dka agencija Kornatica, Put Slanice 7, 22243 Murter<\/p>\n<p>Kontonummer: HR1323600001102478177<\/p>\n<p>Name der Bank: Zagreba\u010dka banka d.d., Paromlinska 2, Zagreb<\/p>\n<p>&nbsp;<\/p>\n<p><strong>3. Zahlung per Post\u00fcberweisung:<\/strong><\/p>\n<p>Einzahler: Name und Vorname der Person, die reserviert hat und die Wohnadresse<\/p>\n<p>Betrag: Betrag des Vorschu\u03b2es, der durch das Ergebnis der Berechnung bezahlt werden muss<\/p>\n<p>Einzahlungszweck: die Buchung eines bestimmten Unterkunftsobjektes, Schiff, Ausflug&#8230;<\/p>\n<p>Empf\u00e4nger: MAGDALENA TOURS d.o.o., Turisti\u010dka agencija Kornatica, Put Slanice 7, 22243 Murter<\/p>\n","protected":false},"excerpt":{"rendered":"<p>1. Zahlung per \u00dcberweisung auf das Konto des B\u00fcros (Zahlung au\u00dferhalb der Republik Kroatien): Einzahler: Name und Vorname der Person, die reserviert hat und die Wohnadresse Betrag: Betrag des Vorschu\u03b2es, der durch das Ergebnis der Berechnung bezahlt werden muss Einzahlungszweck: die Buchung eines bestimmten Unterkunftsobjektes, Schiff, Ausflug&#8230; Empf\u00e4nger: MAGDALENA TOURS d.o.o., Turisti\u010dka agencija Kornatica, Put [&hellip;]<\/p>\n","protected":false},"author":1,"featured_media":0,"parent":0,"menu_order":0,"comment_status":"closed","ping_status":"closed","template":"template-standardna.php","meta":{"footnotes":""},"class_list":["post-304","page","type-page","status-publish","hentry"],"acf":[],"_links":{"self":[{"href":"https:\/\/kornatica.com\/de\/wp-json\/wp\/v2\/pages\/304","targetHints":{"allow":["GET"]}}],"collection":[{"href":"https:\/\/kornatica.com\/de\/wp-json\/wp\/v2\/pages"}],"about":[{"href":"https:\/\/kornatica.com\/de\/wp-json\/wp\/v2\/types\/page"}],"author":[{"embeddable":true,"href":"https:\/\/kornatica.com\/de\/wp-json\/wp\/v2\/users\/1"}],"replies":[{"embeddable":true,"href":"https:\/\/kornatica.com\/de\/wp-json\/wp\/v2\/comments?post=304"}],"version-history":[{"count":2,"href":"https:\/\/kornatica.com\/de\/wp-json\/wp\/v2\/pages\/304\/revisions"}],"predecessor-version":[{"id":21953,"href":"https:\/\/kornatica.com\/de\/wp-json\/wp\/v2\/pages\/304\/revisions\/21953"}],"wp:attachment":[{"href":"https:\/\/kornatica.com\/de\/wp-json\/wp\/v2\/media?parent=304"}],"curies":[{"name":"wp","href":"https:\/\/api.w.org\/{rel}","templated":true}]}}