{"id":307,"date":"2023-10-17T17:07:15","date_gmt":"2023-10-17T15:07:15","guid":{"rendered":"http:\/\/kornatica.vdevs.eu\/o-nama\/"},"modified":"2023-10-31T14:02:30","modified_gmt":"2023-10-31T13:02:30","slug":"ueber-uns","status":"publish","type":"page","link":"https:\/\/kornatica.com\/de\/ueber-uns\/","title":{"rendered":"\u00dcber uns"},"content":{"rendered":"<p><strong>Das Tourismusb\u00fcro Kornatica<\/strong> ist ein Tourismusb\u00fcro, das sich auf Unterkunft und Urlaub auf den Kornaten und der Insel Murter spezialisiert hat. Die Basis des Gesch\u00e4fts der Agentur ist ein qualitativ hochwertiger touristischer Service und ein professionelles Angebot, das auf die individuellen W\u00fcnsche und Bed\u00fcrfnisse der Touristen zugeschnitten ist. Das freundliche und professionelle Touristenteam der Agentur wird Ihre Erfahrung mit Wissen und professionellem Ansatz erleben, um Ihren Urlaub auf Murter und Kornati so angenehm und abwechslungsreich wie m\u00f6glich zu gestalten.<\/p>\n<p>Die Hauptt\u00e4tigkeit der Agentur besteht darin, Vermittlungsdienste f\u00fcr die Vermietung von Privatunterk\u00fcnften, Boote und Bootsfahrten bereitzustellen. Das Ziel der Reiseagentur ist es, den G\u00e4sten den besten Service zu bieten und gen\u00fcgend Informationen bereitzustellen, damit unsere G\u00e4ste ihren Urlaub auf Murter oder in Kornati unbeschwert genie\u00dfen k\u00f6nnen.<\/p>\n<p>Standort der Agentur: Die Agentur befindet sich am Eingang der Stadt Murter, am Anfang der Put Slanice Stra\u00dfe.<\/p>\n","protected":false},"excerpt":{"rendered":"<p>Das Tourismusb\u00fcro Kornatica ist ein Tourismusb\u00fcro, das sich auf Unterkunft und Urlaub auf den Kornaten und der Insel Murter spezialisiert hat. Die Basis des Gesch\u00e4fts der Agentur ist ein qualitativ hochwertiger touristischer Service und ein professionelles Angebot, das auf die individuellen W\u00fcnsche und Bed\u00fcrfnisse der Touristen zugeschnitten ist. Das freundliche und professionelle Touristenteam der Agentur [&hellip;]<\/p>\n","protected":false},"author":1,"featured_media":55,"parent":0,"menu_order":0,"comment_status":"closed","ping_status":"closed","template":"template-o-nama.php","meta":{"footnotes":""},"class_list":["post-307","page","type-page","status-publish","has-post-thumbnail","hentry"],"acf":[],"_links":{"self":[{"href":"https:\/\/kornatica.com\/de\/wp-json\/wp\/v2\/pages\/307","targetHints":{"allow":["GET"]}}],"collection":[{"href":"https:\/\/kornatica.com\/de\/wp-json\/wp\/v2\/pages"}],"about":[{"href":"https:\/\/kornatica.com\/de\/wp-json\/wp\/v2\/types\/page"}],"author":[{"embeddable":true,"href":"https:\/\/kornatica.com\/de\/wp-json\/wp\/v2\/users\/1"}],"replies":[{"embeddable":true,"href":"https:\/\/kornatica.com\/de\/wp-json\/wp\/v2\/comments?post=307"}],"version-history":[{"count":2,"href":"https:\/\/kornatica.com\/de\/wp-json\/wp\/v2\/pages\/307\/revisions"}],"predecessor-version":[{"id":362,"href":"https:\/\/kornatica.com\/de\/wp-json\/wp\/v2\/pages\/307\/revisions\/362"}],"wp:featuredmedia":[{"embeddable":true,"href":"https:\/\/kornatica.com\/de\/wp-json\/wp\/v2\/media\/55"}],"wp:attachment":[{"href":"https:\/\/kornatica.com\/de\/wp-json\/wp\/v2\/media?parent=307"}],"curies":[{"name":"wp","href":"https:\/\/api.w.org\/{rel}","templated":true}]}}