{"id":316,"date":"2023-10-18T15:27:43","date_gmt":"2023-10-18T13:27:43","guid":{"rendered":"http:\/\/kornatica.vdevs.eu\/pravila-i-uvjeti-rezervacije-smjestaja\/"},"modified":"2024-02-09T10:44:43","modified_gmt":"2024-02-09T09:44:43","slug":"die-regeln-und-bedingungen-der-unterbringung","status":"publish","type":"page","link":"https:\/\/kornatica.com\/de\/die-regeln-und-bedingungen-der-unterbringung\/","title":{"rendered":"Die Regeln und Bedingungen der Unterbringung"},"content":{"rendered":"<p><strong>1. Angebot <\/strong><br \/>\nDas touristische B\u00fcro Kornatica vermittelt zwischen dem Gast und Gastgeber (im Namen des Eigent\u00fcmers und auf seine Rechnung), und auf diese Weise bietet dem Gast die Unterkunft nach kundgegebenen Informationen auf ihrer Website und in einem vereinbarten Termin, au\u00dfer im Fall au\u00dfergew\u00f6hnlicher Umst\u00e4nde oder h\u00f6here Gewalt.<br \/>\n<em>*<\/em><em>H\u00f6here Gewalt ist ein Umstand, auf den man kein Einflu\u03b2 haben kann, weil er nicht vorhergesagt werden kann, und daher auch nicht beseitigt werden kann (Erdbeben, \u00dcberschwemmungen, Br\u00e4nde, Streiks, Terrorismus, Kriege, Tod des Wirtes oder seiner unmittelbaren Familie)<\/em><\/p>\n<p><strong>2. Buchung und Bezahlung <\/strong><br \/>\nAnfragen f\u00fcr Buchungen k\u00f6nnen gestellt werden \u00fcber das Internet (Fragezeichen auf der Website, E-Mail), Fax oder pers\u00f6nlich in den R\u00e4umen des B\u00fcros. Um die Buchung zu best\u00e4tigen, ist es erforderlich, dass der Gast innerhalb eines Arbeitstages ab dem Zeitpunkt der Annahme des Angebots, ein Vorschu\u03b2 von 30% der gesamten Kosten der Unterkunft bezahlt und per E-Mail oder Fax \u00a0die Best\u00e4tigung der Zahlung sendet, w\u00e4hrend \u00a0der Gast der verbleibende Betrag und die Aufenthaltsgeb\u00fchr an der Rezeption des B\u00fcros bei der Ankunft in der Unterbringung bezahlt.<\/p>\n<p><strong>3. Die Aufenthaltsgeb\u00fchr <\/strong><br \/>\nEntsprechend dem Gesetz \u00fcber die Aufenthaltsgeb\u00fchr der Republik Kroatien, ist der Gast verpflichtet die Aufenthaltsgeb\u00fchr gleichzeitig bei der Bezahlung f\u00fcr ihre Unterkunft zu zahlen. Die Aufenthaltsgeb\u00fchr wird an der Rezeption des B\u00fcros bezahlt, und ist 1,60 \u20ac pro Person pro Tag f\u00fcr Erwachsene. Kinder im Alter von 12-18 Jahren erhalten 50% Nachla\u03b2 auf diesen Betrag, w\u00e4hrend Kinder bis 12 Jahren keine Aufenthaltsgeb\u00fchr zahlen.<\/p>\n<p><strong>4. Der Preis der Unterkunft <\/strong><br \/>\nPreise sind ver\u00f6ffentlicht f\u00fcr jede Unterkunfteinheit. Sie sind ver\u00f6ffentlicht in Euro. Angegebene Preise gelten f\u00fcr Aufenthalte l\u00e4nger als drei N\u00e4chte. Im Fall von einem Aufenthalt weniger als vier N\u00e4chten ist der Preis bei 30,00% vergr\u00f6\u03b2ert.<br \/>\n<strong>Im Preis eingerechnet:<\/strong> Tagesmiete, w\u00f6chentlicher Wechsel der Bettw\u00e4sche, Handt\u00fccher, Strom und Wasser, Kochgeschirr und Besteck (Wohnungen), Putzzubeh\u00f6r, putzen und aufr\u00e4umen.<br \/>\nBesondere Leistungen sind nicht im Preis eingerechnet (z.B. Fr\u00fchst\u00fcck), und m\u00fcssen getrennt bezahlt werden.<br \/>\nIm Falle von \u00c4nderungen in Preisen von bestimmten Unterkunfteinheiten nach dem Anmeldung und vor dem bezahlten Vorschu\u03b2, das B\u00fcro verpflichtet sich den Gast dar\u00fcber zu informieren, und eine neue Abrechnung zu senden. F\u00fcr G\u00e4ste, die den Vorschu\u03b2 bezahlt haben, sorgt das B\u00fcro, dass der verbleibende Teil auf der Grundlage der fr\u00fcheren Berechnung, auf die der Gast bestimmte Unterkunfteinheit reserviert hat, berechnet wird.<\/p>\n<p><strong>5. Kategorisierung<\/strong><br \/>\nDie Unterkunfteinheiten sind nach der offiziellen Kategorisierung der autorisierten Institution beschrieben, so muss der Besitzer eine zugewiesene Kategorie auf einem sichtbaren Platz hervorheben.<br \/>\nDie Standards der Unterkunft, Ern\u00e4hrung und Dienstleistungen von einzelnen L\u00e4ndern sind verschieden und man kann sie nicht vergleichen.<br \/>\nInformationen, die der Gast in der Unterkunfteinheit bekommt, verpflichten den B\u00fcro nicht in einem gr\u00f6\u00dferen Ausma\u00df als die Angaben, die auf dieser Website ver\u00f6ffentlicht sind.<\/p>\n<p><strong>6. Das Recht des B\u00fcros auf \u00c4nderungen und Stornierung<\/strong><br \/>\nDas B\u00fcro beh\u00e4lt sich das Recht vor, \u00c4nderungen der Buchung im Falle au\u00dfergew\u00f6hnlicher Umst\u00e4nde oder h\u00f6here Gewalt. Gebuchte Unterkunft kann nur bei vorheriger Benachrichtigung der G\u00e4ste und mit der Platzierung der gleichen oder h\u00f6heren Kategorie und bei dem Preis, bei dem die Reservierung best\u00e4tigt war, ge\u00e4ndert werden. Wenn die alternative Unterkunft nur im Objekt zu einem h\u00f6heren Preis um 15% der gebuchten Unterkunft m\u00f6glich ist, das B\u00fcro beh\u00e4lt sich das Recht der Zahlung der Preisdifferenz vor, auf R\u00fccksprache mit dem Gast. Wenn Substitution nicht m\u00f6glich ist, beh\u00e4lt sich das B\u00fcro das Recht die Buchung nach vorheriger Benachrichtigung des Gastes\u00a0 und vor der Ankunft zu stornieren, und garantiert dem Gast eine Vorauszahlung des Vorschu\u03b2es.<\/p>\n<p><strong>7. Das Recht des Gastes auf \u00c4nderungen und Stornierungen <\/strong><br \/>\nWill ein Gast zu stornieren, das muss er schriftlich machen (E-Mail, Fax, Post). Bei Stornierung mehr als 60 Tage vor dem vereinbarten Termin das B\u00fcro gibt die gesamte H\u00f6he des Honorars zur\u00fcck, abz\u00fcglich 25 \u20ac Fixkosten und die Kosten des Geldtransfers. Im Fall, dass der Gast die Buchung nach weniger als 60 Tage vor dem vereinbarten Termin storniert hat, hat er kein Recht auf eine R\u00fcckerstattung des Vorschusses.<br \/>\nWenn der Gast nicht erscheint oder auf die Unterkunft vor Ablauf der Vertragslaufzeit k\u00fcndigt, bezahlt das B\u00fcro den gesamten Betrag.<\/p>\n<p><strong>8. Pflichten des B\u00fcros und Eigent\u00fcmer<\/strong><br \/>\n<strong><em>Die Verpflichtung des B\u00fcros ist: <\/em><\/strong><br \/>\n-k\u00fcmmern sich um die Dienstleistungen und die Auswahl von Dienstleistern<br \/>\n&#8211; Sorgen \u00fcber die Rechte und Interessen des Gastes, \u00fcbereinstimmend der guten Praktiken im Tourismus<br \/>\n<strong><em>Die Verpflichtung des Eigent\u00fcmers ist: <\/em><\/strong><br \/>\n-Dem Gast alle ausgew\u00e4hlte Service anbieten.<br \/>\n<em>*<\/em><em>Das B\u00fcro und der Eigent\u00fcmer schlie\u03b2en jede Verantwortung im Falle einer \u00c4nderung oder Nichterf\u00fcllung von Leistungen, die durch h\u00f6here Gewalt verursacht werden, aus.<\/em><\/p>\n<p><strong>9. Pflichten des Gastes<\/strong><br \/>\n<strong><em>Der Gast ist verpflichtet: <\/em><\/strong><br \/>\n-Ein g\u00fcltiges Reisepass und ein Visum, wenn er es ben\u00f6tigt beim Eintritt in der Republik Kroatien, zu besitzen.<br \/>\n&#8211; Die Zoll-und Devisenvorschriften der Republik Kroatien zu beachten.<br \/>\n&#8211; Die Hausordnung in der Unterkunfteinheit aufrechtzuerhalten und mit Dienstleistern in gutem Glauben zusammenzuarbeiten<br \/>\n&#8211; f\u00fcr jeden gemachten Schaden in der Unterkunfteinheit ist der Gast erforderlich an Ort und Stelle zu entsch\u00e4digen<br \/>\n&#8211; Nach der Ankunft in der Residenz muss der Gast einen Gutschein mit Angaben \u00fcber die Anzahl der Personen und die Art der Dienstleistungen, die erbracht werden sollen, vorzulegen.<br \/>\n&#8211; Der Gast tr\u00e4gt die Verantwortung und die Kosten die aus der Nichtachtung der Pflichten entstehen.<br \/>\n&#8211; Die G\u00e4ste kommen in der Unterkunfteinheit nach 14.00 Uhr und am Tag der Abreise bis 10 Uhr verlassen sie die Unterkunfeinheit. Schl\u00fcssel\u00fcbergabe der Unterkunfteinheiten ist in der Anlage durch den Eigent\u00fcmer durchgef\u00fchrt und begleitet von einem Vertreter des B\u00fcros.<\/p>\n<p><strong>10. Gep\u00e4ck <\/strong><br \/>\nDas B\u00fcro ist nicht verantwortlich f\u00fcr das Gep\u00e4ck, also zerst\u00f6rt, besch\u00e4digt, verloren oder gestohlen in der Unterkunfteinheit. Verlorenes oder gestohlenes Gep\u00e4ck sollte der Gastgeber und der \u00f6rtlichen Polizeistation gemeldet werden.<\/p>\n<p><strong>11. Reklamationen<\/strong><br \/>\nDer Gast ist berechtigt, eine bestimmte Entsch\u00e4digung f\u00fcr unerf\u00fcllte bezahlte Service zu suchen. Der Gast muss eine schriftliche Einwendung beilegen.<br \/>\n<strong><em>Das Verfahren f\u00fcr die Einwendungen: <\/em><\/strong><br \/>\nWenn der Gast am Zielort mit dem Zustand der Unterkunfteinheiten nicht zufrieden ist,\u00a0 soll man sofort nach der Ankunft das B\u00fcro dar\u00fcber informieren, d.h. die Reklamationen sofort dem Eigent\u00fcmer sagen. Der Gast ist verpflichtet, mit dem B\u00fcro und dem Eigent\u00fcmer zusammenarbeiten, um Probleme zu l\u00f6sen. Wenn die Einwendung gerechtfertigt ist, und die Service des Eigent\u00fcmers nicht zufriedenstellend ist, wird das B\u00fcro alles tun, dass der Gast eine akzeptable L\u00f6sung, die dem \u00a0bezahlten Dienst entspricht, erh\u00e4lt. Das B\u00fcro oder der Eigent\u00fcmer d\u00fcrfen nicht dem Gast als ersetzbare Unterkunft eine, die von geringerem Wert ist, anbieten. Wenn der Gast auf die Selbstinitiative der Unterkunfteinheit hinterl\u00e4sst und findet eine andere Unterkunft, dann hat der Gast kein Recht das Geld zur\u00fcck zu verlangen oder einen Anspruch auf Schadenersatz \u00a0zu senden.<br \/>\nWenn der Gast nicht auf der Stelle beschwert, ist nicht zu einer R\u00fcckerstattung berechtigt.<\/p>\n<p><strong>12. Gerichtliche Zust\u00e4ndigkeiten<\/strong><br \/>\nWenn der Gast mit der Einwendungsl\u00f6sung nicht zufrieden ist, hat er Recht auf gerichtliche Schlichtung. In einem solchen Fall wird das Handelsgericht in Sibenik zust\u00e4ndig.<\/p>\n<p><strong>13. Hinweis <\/strong><br \/>\nMit der Zahlung des Vorschu\u03b2es akzeptiert der Gast v\u00f6llig diese Allgemeine Bedingungen.<\/p>\n","protected":false},"excerpt":{"rendered":"<p>1. Angebot Das touristische B\u00fcro Kornatica vermittelt zwischen dem Gast und Gastgeber (im Namen des Eigent\u00fcmers und auf seine Rechnung), und auf diese Weise bietet dem Gast die Unterkunft nach kundgegebenen Informationen auf ihrer Website und in einem vereinbarten Termin, au\u00dfer im Fall au\u00dfergew\u00f6hnlicher Umst\u00e4nde oder h\u00f6here Gewalt. *H\u00f6here Gewalt ist ein Umstand, auf den [&hellip;]<\/p>\n","protected":false},"author":1,"featured_media":0,"parent":0,"menu_order":0,"comment_status":"closed","ping_status":"closed","template":"template-standardna.php","meta":{"footnotes":""},"class_list":["post-316","page","type-page","status-publish","hentry"],"acf":[],"_links":{"self":[{"href":"https:\/\/kornatica.com\/de\/wp-json\/wp\/v2\/pages\/316","targetHints":{"allow":["GET"]}}],"collection":[{"href":"https:\/\/kornatica.com\/de\/wp-json\/wp\/v2\/pages"}],"about":[{"href":"https:\/\/kornatica.com\/de\/wp-json\/wp\/v2\/types\/page"}],"author":[{"embeddable":true,"href":"https:\/\/kornatica.com\/de\/wp-json\/wp\/v2\/users\/1"}],"replies":[{"embeddable":true,"href":"https:\/\/kornatica.com\/de\/wp-json\/wp\/v2\/comments?post=316"}],"version-history":[{"count":3,"href":"https:\/\/kornatica.com\/de\/wp-json\/wp\/v2\/pages\/316\/revisions"}],"predecessor-version":[{"id":22399,"href":"https:\/\/kornatica.com\/de\/wp-json\/wp\/v2\/pages\/316\/revisions\/22399"}],"wp:attachment":[{"href":"https:\/\/kornatica.com\/de\/wp-json\/wp\/v2\/media?parent=316"}],"curies":[{"name":"wp","href":"https:\/\/api.w.org\/{rel}","templated":true}]}}