{"id":284,"date":"2023-10-18T15:16:13","date_gmt":"2023-10-18T13:16:13","guid":{"rendered":"http:\/\/kornatica.vdevs.eu\/kako-rezervirati\/"},"modified":"2023-10-31T16:08:58","modified_gmt":"2023-10-31T15:08:58","slug":"come-prenotare","status":"publish","type":"page","link":"https:\/\/kornatica.com\/it\/come-prenotare\/","title":{"rendered":"Come prenotare"},"content":{"rendered":"<p><strong>1. Scelga la categoria che Le interessa<\/strong><\/p>\n<p><strong>2. Invii una richiesta sulla disponibilit\u00e0 dell&#8217;unit\u00e0:<\/strong><br \/>\nLa richiesta pu\u00f2 essera inviata direttamente dalla pagina dell&#8217;unit\u00e0 specifica o via modulo di contatto.<\/p>\n<p><strong>3. Prenoti la Sua unit\u00e0 libera:<\/strong><br \/>\nDopo che Le informiamo che l&#8217;unit\u00e0 richiesta \u00e8 libera, Lei pu\u00f2 iniziare con il processo della prenotazione. Lei deve confermare la prenotazione della determinata unit\u00e0 cosicch\u00e9 la manteniamo per Lei.<\/p>\n<p><strong>4. Prenotazione diventa effettiva dopo il pagamento dell&#8217;acconto:<\/strong><br \/>\nDopo che Lei ha confermato un&#8217;unit\u00e0 specifica, noi Le inviamo una fattura per il pagamento anticipato.<br \/>\n\u00c8 obbligatorio versare l\u00b4acconto pari al 30% dell\u00b4intero importo della prenotazione (il resto dell\u00b4importo si pu\u00f2 pagare in contanti o con la carta di credito nell&#8217;agenzia al giorno dell\u00b4arrivo).<br \/>\nIl pagamento dell&#8217;acconto deve essere effettuato in periodo di 1 giorno lavorativo dal momento dell\u00b4accettazione della offerta. Dopo aver versato l&#8217;acconto,\u00a0 invii il certificato di versamento via fax\u00a0 o e-mail. L&#8217;unit\u00e0 diventa prenotata e noi Le inviamo la conferma della prenotazione.<\/p>\n<p><strong>5. L&#8217;arrivo (solo per gli ospiti degli nostri alloggi):<\/strong><br \/>\nCheck in: dalle ore 14.00, check out: fino alle ore 10.00<br \/>\nCheck in viene effettuato presso l&#8217;agenzia Kornatica a Murter.<\/p>\n","protected":false},"excerpt":{"rendered":"<p>1. Scelga la categoria che Le interessa 2. Invii una richiesta sulla disponibilit\u00e0 dell&#8217;unit\u00e0: La richiesta pu\u00f2 essera inviata direttamente dalla pagina dell&#8217;unit\u00e0 specifica o via modulo di contatto. 3. Prenoti la Sua unit\u00e0 libera: Dopo che Le informiamo che l&#8217;unit\u00e0 richiesta \u00e8 libera, Lei pu\u00f2 iniziare con il processo della prenotazione. Lei deve confermare [&hellip;]<\/p>\n","protected":false},"author":1,"featured_media":60,"parent":0,"menu_order":0,"comment_status":"closed","ping_status":"closed","template":"template-standardna.php","meta":{"footnotes":""},"class_list":["post-284","page","type-page","status-publish","has-post-thumbnail","hentry"],"acf":[],"_links":{"self":[{"href":"https:\/\/kornatica.com\/it\/wp-json\/wp\/v2\/pages\/284","targetHints":{"allow":["GET"]}}],"collection":[{"href":"https:\/\/kornatica.com\/it\/wp-json\/wp\/v2\/pages"}],"about":[{"href":"https:\/\/kornatica.com\/it\/wp-json\/wp\/v2\/types\/page"}],"author":[{"embeddable":true,"href":"https:\/\/kornatica.com\/it\/wp-json\/wp\/v2\/users\/1"}],"replies":[{"embeddable":true,"href":"https:\/\/kornatica.com\/it\/wp-json\/wp\/v2\/comments?post=284"}],"version-history":[{"count":1,"href":"https:\/\/kornatica.com\/it\/wp-json\/wp\/v2\/pages\/284\/revisions"}],"predecessor-version":[{"id":384,"href":"https:\/\/kornatica.com\/it\/wp-json\/wp\/v2\/pages\/284\/revisions\/384"}],"wp:featuredmedia":[{"embeddable":true,"href":"https:\/\/kornatica.com\/it\/wp-json\/wp\/v2\/media\/60"}],"wp:attachment":[{"href":"https:\/\/kornatica.com\/it\/wp-json\/wp\/v2\/media?parent=284"}],"curies":[{"name":"wp","href":"https:\/\/api.w.org\/{rel}","templated":true}]}}