{"id":308,"date":"2023-10-17T17:07:15","date_gmt":"2023-10-17T15:07:15","guid":{"rendered":"http:\/\/kornatica.vdevs.eu\/o-nama\/"},"modified":"2024-01-03T08:24:04","modified_gmt":"2024-01-03T07:24:04","slug":"su-di-noi","status":"publish","type":"page","link":"https:\/\/kornatica.com\/it\/su-di-noi\/","title":{"rendered":"Su di noi"},"content":{"rendered":"<p><strong>L&#8217;agenzia turistica Kornatica<\/strong> \u00e8 una agenzia turistica specializzata in alloggi e vacanze sulle isole Kornati e sull&#8217;isola di Murter. La base dell&#8217;attivit\u00e0 dell&#8217;azienda \u00e8 un servizio turistico di qualit\u00e0 e un&#8217;offerta professionale su misura per i desideri e le esigenze individuali dei turisti. Lo staff turistico gentile e professionale dell&#8217;agenzia sperimenter\u00e0 la vostra esperienza con conoscenza e approccio professionale per rendere la vostra vacanza a Murter e Kornati il pi\u00f9 piacevole e diversificata possibile.<\/p>\n<p>L&#8217;attivit\u00e0 principale dell&#8217;agenzia \u00e8 di fornire servizi di mediazione per l&#8217;affitto di alloggi privati (appartamenti, case dei pescatori, case mobili, camere,&#8230;), l&#8217;affitto di barche e viaggi in barca. L&#8217;obiettivo dell&#8217;agenzia turistica \u00e8 quello di fornire agli ospiti il miglior servizio e di fornire informazioni sufficienti affinch\u00e9 i nostri ospiti possano godersi la loro vacanza a Murter o nelle isole Kornati.<\/p>\n<p>Ubicazione dell&#8217;agenzia: L&#8217;agenzia si trova all&#8217;ingresso della citt\u00e0 di Murter, all&#8217;inizio di Put Slanice Street.<\/p>\n","protected":false},"excerpt":{"rendered":"<p>L&#8217;agenzia turistica Kornatica \u00e8 una agenzia turistica specializzata in alloggi e vacanze sulle isole Kornati e sull&#8217;isola di Murter. La base dell&#8217;attivit\u00e0 dell&#8217;azienda \u00e8 un servizio turistico di qualit\u00e0 e un&#8217;offerta professionale su misura per i desideri e le esigenze individuali dei turisti. Lo staff turistico gentile e professionale dell&#8217;agenzia sperimenter\u00e0 la vostra esperienza con [&hellip;]<\/p>\n","protected":false},"author":1,"featured_media":56,"parent":0,"menu_order":0,"comment_status":"closed","ping_status":"closed","template":"template-o-nama.php","meta":{"footnotes":""},"class_list":["post-308","page","type-page","status-publish","has-post-thumbnail","hentry"],"acf":[],"_links":{"self":[{"href":"https:\/\/kornatica.com\/it\/wp-json\/wp\/v2\/pages\/308","targetHints":{"allow":["GET"]}}],"collection":[{"href":"https:\/\/kornatica.com\/it\/wp-json\/wp\/v2\/pages"}],"about":[{"href":"https:\/\/kornatica.com\/it\/wp-json\/wp\/v2\/types\/page"}],"author":[{"embeddable":true,"href":"https:\/\/kornatica.com\/it\/wp-json\/wp\/v2\/users\/1"}],"replies":[{"embeddable":true,"href":"https:\/\/kornatica.com\/it\/wp-json\/wp\/v2\/comments?post=308"}],"version-history":[{"count":4,"href":"https:\/\/kornatica.com\/it\/wp-json\/wp\/v2\/pages\/308\/revisions"}],"predecessor-version":[{"id":21967,"href":"https:\/\/kornatica.com\/it\/wp-json\/wp\/v2\/pages\/308\/revisions\/21967"}],"wp:featuredmedia":[{"embeddable":true,"href":"https:\/\/kornatica.com\/it\/wp-json\/wp\/v2\/media\/56"}],"wp:attachment":[{"href":"https:\/\/kornatica.com\/it\/wp-json\/wp\/v2\/media?parent=308"}],"curies":[{"name":"wp","href":"https:\/\/api.w.org\/{rel}","templated":true}]}}